{"id":188,"date":"2025-08-03T15:55:38","date_gmt":"2025-08-03T15:55:38","guid":{"rendered":"https:\/\/www.fph-test.com\/?page_id=188"},"modified":"2025-09-22T20:11:58","modified_gmt":"2025-09-22T20:11:58","slug":"actions","status":"publish","type":"page","link":"https:\/\/paysans-herboristes.org\/actions\/","title":{"rendered":"Nos actions"},"content":{"rendered":"<p>[et_pb_section fb_built=\u00a0\u00bb1&Prime; _builder_version=\u00a0\u00bb4.27.4&Prime; _module_preset=\u00a0\u00bbdefault\u00a0\u00bb background_enable_color=\u00a0\u00bboff\u00a0\u00bb custom_padding=\u00a0\u00bb29px||59px|||\u00a0\u00bb global_colors_info=\u00a0\u00bb{}\u00a0\u00bb][et_pb_row _builder_version=\u00a0\u00bb4.27.4&Prime; _module_preset=\u00a0\u00bbdefault\u00a0\u00bb custom_padding=\u00a0\u00bb||5px|||\u00a0\u00bb global_colors_info=\u00a0\u00bb{}\u00a0\u00bb][et_pb_column type=\u00a0\u00bb4_4&Prime; _builder_version=\u00a0\u00bb4.27.4&Prime; _module_preset=\u00a0\u00bbdefault\u00a0\u00bb global_colors_info=\u00a0\u00bb{}\u00a0\u00bb][et_pb_text _builder_version=\u00a0\u00bb4.27.4&Prime; _module_preset=\u00a0\u00bbdefault\u00a0\u00bb text_font=\u00a0\u00bbBarlow|700|||||||\u00a0\u00bb text_text_color=\u00a0\u00bb#000000&Prime; text_font_size=\u00a0\u00bb50px\u00a0\u00bb custom_margin=\u00a0\u00bb||17px|||\u00a0\u00bb animation_style=\u00a0\u00bbfade\u00a0\u00bb global_colors_info=\u00a0\u00bb{}\u00a0\u00bb]<\/p>\n<p class=\"header-post-title-class\" style=\"text-align: center;\">NOS ACTIONS<\/p>\n<p>[\/et_pb_text][\/et_pb_column][\/et_pb_row][et_pb_row column_structure=\u00a0\u00bb1_2,1_2&Prime; _builder_version=\u00a0\u00bb4.27.4&Prime; _module_preset=\u00a0\u00bbdefault\u00a0\u00bb global_colors_info=\u00a0\u00bb{}\u00a0\u00bb][et_pb_column type=\u00a0\u00bb1_2&Prime; _builder_version=\u00a0\u00bb4.27.4&Prime; _module_preset=\u00a0\u00bbdefault\u00a0\u00bb background_color=\u00a0\u00bbrgba(146,146,146,0.12)\u00a0\u00bb custom_padding=\u00a0\u00bb20px|20px|20px|20px|false|false\u00a0\u00bb border_radii=\u00a0\u00bbon|30px|30px|30px|30px\u00a0\u00bb global_colors_info=\u00a0\u00bb{}\u00a0\u00bb][et_pb_text _builder_version=\u00a0\u00bb4.27.4&Prime; _module_preset=\u00a0\u00bbdefault\u00a0\u00bb text_font=\u00a0\u00bbBarlow|700|||||||\u00a0\u00bb text_text_color=\u00a0\u00bb#0A7034&Prime; text_font_size=\u00a0\u00bb18px\u00a0\u00bb text_line_height=\u00a0\u00bb1.5em\u00a0\u00bb custom_margin=\u00a0\u00bb||1px|||\u00a0\u00bb animation_style=\u00a0\u00bbfade\u00a0\u00bb global_colors_info=\u00a0\u00bb{}\u00a0\u00bb]<\/p>\n<p class=\"header-post-title-class\" style=\"text-align: center;\">La charte pour d\u00e9finir les valeurs et le m\u00e9tier de paysan.ne-herboriste<\/p>\n<p>[\/et_pb_text][et_pb_text content_tablet=\u00a0\u00bb<\/p>\n<p style=%22text-align: justify;%22>La F\u00e9d\u00e9ration des Paysan.nes-Herboristes a \u00e9t\u00e9 cr\u00e9\u00e9e en mars 2016. Son objet est de promouvoir la profession de paysan.ne-herboriste et de lui permettre d\u2019exercer pleinement son m\u00e9tier, \u00e0 savoir : la culture, la cueillette et la transformation des plantes alimentaires, aromatiques, m\u00e9dicinales, tinctoriales et \u00e0 parfum, la commercialisation en vente directe ou circuit-court des plantes et produits transform\u00e9s \u00e0 la ferme, l\u2019information et le conseil aux utilisateurs.trices sur les propri\u00e9t\u00e9s, usages traditionnels et pr\u00e9cautions d\u2019emploi, en connaissance des normes et r\u00e9glementations en vigueur.<\/p>\n<p>Nous r\u00e9alisons toutes les \u00e9tapes du m\u00e9tier de mani\u00e8re artisanale selon les principes de l\u2019agro-\u00e9cologie. Nous nous reconnaissons dans les mentions SIMPLES, Nature et Progr\u00e8s, Demeter ou AB.<\/p>\n<p>\u00a0\u00bb content_phone=\u00a0\u00bb<\/p>\n<p style=%22text-align: left;%22>La F\u00e9d\u00e9ration des Paysan.nes-Herboristes a \u00e9t\u00e9 cr\u00e9\u00e9e en mars 2016. Son objet est de promouvoir la profession de paysan.ne-herboriste et de lui permettre d\u2019exercer pleinement son m\u00e9tier, \u00e0 savoir : la culture, la cueillette et la transformation des plantes alimentaires, aromatiques, m\u00e9dicinales, tinctoriales et \u00e0 parfum, la commercialisation en vente directe ou circuit-court des plantes et produits transform\u00e9s \u00e0 la ferme, l\u2019information et le conseil aux utilisateurs.trices sur les propri\u00e9t\u00e9s, usages traditionnels et pr\u00e9cautions d\u2019emploi, en connaissance des normes et r\u00e9glementations en vigueur.<\/p>\n<p>Nous r\u00e9alisons toutes les \u00e9tapes du m\u00e9tier de mani\u00e8re artisanale selon les principes de l\u2019agro-\u00e9cologie. Nous nous reconnaissons dans les mentions SIMPLES, Nature et Progr\u00e8s, Demeter ou AB.<\/p>\n<p>\u00a0\u00bb content_last_edited=\u00a0\u00bbon|phone\u00a0\u00bb _builder_version=\u00a0\u00bb4.27.4&Prime; _module_preset=\u00a0\u00bbdefault\u00a0\u00bb text_font=\u00a0\u00bbBarlow||||||||\u00a0\u00bb text_font_size=\u00a0\u00bb16px\u00a0\u00bb min_height=\u00a0\u00bb177.4px\u00a0\u00bb custom_margin=\u00a0\u00bb22px||1px|||\u00a0\u00bb custom_padding=\u00a0\u00bb9px|||23px|false|false\u00a0\u00bb border_radii=\u00a0\u00bbon|30px|30px|30px|30px\u00a0\u00bb border_color_all=\u00a0\u00bb#FFFFFF\u00a0\u00bb global_colors_info=\u00a0\u00bb{}\u00a0\u00bb]<\/p>\n<p><span>L\u2019AG a permis de valider la Charte des Paysan.ne.s-herboristes, un texte qui d\u00e9finit le m\u00e9tier et les valeurs d\u00e9fendues par ces paysan.ne.s et qu\u2019ils et elles s\u2019engagent \u00e0 respecter pour leur pratique. <\/span><\/p>\n<p><span>Apr\u00e8s un long travail collectif pour r\u00e9colter un maximum de contributions aupr\u00e8s de celles et ceux qui se reconnaissent dans cette profession, des \u00e9changes ont eu lieu sur la version finale, qui a \u00e9t\u00e9 adopt\u00e9e \u00e0 l\u2019unanimit\u00e9. Cette charte d\u00e9finit le lien des paysan.ne.s-herboristes aux plantes, au vivant, aux territoires, \u00e0 la transmission des savoirs, et aux consommateurs. <\/span><\/p>\n<p><span>Elle leur permet de mieux d\u00e9finir les contours de leur profession et de la rendre visible, en communiquant sur leurs valeurs aupr\u00e8s du grand public, des porteurs de projet, des producteurs.trices, mais aussi de leurs partenaires ou d\u2019\u00e9lus.<\/span><\/p>\n<p>[\/et_pb_text][et_pb_button button_url=\u00a0\u00bbhttps:\/\/drive.google.com\/file\/d\/1PWIczJbPsu69T_ccKadWawY4plJJ7xPU\/view?usp=sharing\u00a0\u00bb url_new_window=\u00a0\u00bbon\u00a0\u00bb button_text=\u00a0\u00bbT\u00e9l\u00e9charger la charte \u00a0\u00bb button_alignment=\u00a0\u00bbcenter\u00a0\u00bb _builder_version=\u00a0\u00bb4.27.4&Prime; _module_preset=\u00a0\u00bbcd8fd7da-5626-4ecb-984d-c514b4fa8ee9&Prime; button_bg_color=\u00a0\u00bb#95C11F\u00a0\u00bb button_border_color=\u00a0\u00bb#634E42&Prime; button_font=\u00a0\u00bbBarlow|700||on|||||\u00a0\u00bb button_icon=\u00a0\u00bb&#x41;||divi||400&Prime; custom_margin=\u00a0\u00bb14px||17px|||\u00a0\u00bb global_colors_info=\u00a0\u00bb{}\u00a0\u00bb][\/et_pb_button][\/et_pb_column][et_pb_column type=\u00a0\u00bb1_2&Prime; _builder_version=\u00a0\u00bb4.27.4&Prime; _module_preset=\u00a0\u00bbdefault\u00a0\u00bb background_color=\u00a0\u00bbrgba(146,146,146,0.12)\u00a0\u00bb custom_padding=\u00a0\u00bb20px|20px|20px|20px|false|false\u00a0\u00bb border_radii=\u00a0\u00bbon|30px|30px|30px|30px\u00a0\u00bb global_colors_info=\u00a0\u00bb{}\u00a0\u00bb][et_pb_text _builder_version=\u00a0\u00bb4.27.4&Prime; _module_preset=\u00a0\u00bbdefault\u00a0\u00bb text_font=\u00a0\u00bbBarlow|700|||||||\u00a0\u00bb text_text_color=\u00a0\u00bb#0A7034&Prime; text_font_size=\u00a0\u00bb18px\u00a0\u00bb text_line_height=\u00a0\u00bb1.5em\u00a0\u00bb custom_margin=\u00a0\u00bb||1px|||\u00a0\u00bb animation_style=\u00a0\u00bbfade\u00a0\u00bb hover_enabled=\u00a0\u00bb0&Prime; global_colors_info=\u00a0\u00bb{}\u00a0\u00bb sticky_enabled=\u00a0\u00bb0&Prime;]<\/p>\n<p class=\"header-post-title-class\" style=\"text-align: center;\">Faire reconna<span>\u00ee<\/span>tre une certification Paysan-herboriste au r\u00e9pertoire national des certifications professionnelles.<\/p>\n<p>[\/et_pb_text][et_pb_text content_tablet=\u00a0\u00bb<\/p>\n<p style=%22text-align: justify;%22>La F\u00e9d\u00e9ration des Paysan.nes-Herboristes a \u00e9t\u00e9 cr\u00e9\u00e9e en mars 2016. Son objet est de promouvoir la profession de paysan.ne-herboriste et de lui permettre d\u2019exercer pleinement son m\u00e9tier, \u00e0 savoir : la culture, la cueillette et la transformation des plantes alimentaires, aromatiques, m\u00e9dicinales, tinctoriales et \u00e0 parfum, la commercialisation en vente directe ou circuit-court des plantes et produits transform\u00e9s \u00e0 la ferme, l\u2019information et le conseil aux utilisateurs.trices sur les propri\u00e9t\u00e9s, usages traditionnels et pr\u00e9cautions d\u2019emploi, en connaissance des normes et r\u00e9glementations en vigueur.<\/p>\n<p>Nous r\u00e9alisons toutes les \u00e9tapes du m\u00e9tier de mani\u00e8re artisanale selon les principes de l\u2019agro-\u00e9cologie. Nous nous reconnaissons dans les mentions SIMPLES, Nature et Progr\u00e8s, Demeter ou AB.<\/p>\n<p>\u00a0\u00bb content_phone=\u00a0\u00bb<\/p>\n<p style=%22text-align: left;%22>La F\u00e9d\u00e9ration des Paysan.nes-Herboristes a \u00e9t\u00e9 cr\u00e9\u00e9e en mars 2016. Son objet est de promouvoir la profession de paysan.ne-herboriste et de lui permettre d\u2019exercer pleinement son m\u00e9tier, \u00e0 savoir : la culture, la cueillette et la transformation des plantes alimentaires, aromatiques, m\u00e9dicinales, tinctoriales et \u00e0 parfum, la commercialisation en vente directe ou circuit-court des plantes et produits transform\u00e9s \u00e0 la ferme, l\u2019information et le conseil aux utilisateurs.trices sur les propri\u00e9t\u00e9s, usages traditionnels et pr\u00e9cautions d\u2019emploi, en connaissance des normes et r\u00e9glementations en vigueur.<\/p>\n<p>Nous r\u00e9alisons toutes les \u00e9tapes du m\u00e9tier de mani\u00e8re artisanale selon les principes de l\u2019agro-\u00e9cologie. Nous nous reconnaissons dans les mentions SIMPLES, Nature et Progr\u00e8s, Demeter ou AB.<\/p>\n<p>\u00a0\u00bb content_last_edited=\u00a0\u00bbon|phone\u00a0\u00bb _builder_version=\u00a0\u00bb4.27.4&Prime; _module_preset=\u00a0\u00bbdefault\u00a0\u00bb text_font=\u00a0\u00bbBarlow||||||||\u00a0\u00bb text_font_size=\u00a0\u00bb16px\u00a0\u00bb min_height=\u00a0\u00bb177.4px\u00a0\u00bb custom_margin=\u00a0\u00bb22px||1px|||\u00a0\u00bb custom_padding=\u00a0\u00bb9px|||23px|false|false\u00a0\u00bb border_radii=\u00a0\u00bbon|30px|30px|30px|30px\u00a0\u00bb border_color_all=\u00a0\u00bb#FFFFFF\u00a0\u00bb global_colors_info=\u00a0\u00bb{}\u00a0\u00bb]<\/p>\n<p><span>Apr\u00e8s un long travail,\u00a0<\/span><span>en partenariat avec\u00a0<a href=\"https:\/\/www.syndicat-simples.org\/\" target=\"_blank\" rel=\"noopener\">le syndicat SIMPLES<\/a>\u00a0et la\u00a0<a href=\"https:\/\/www.fnab.org\/\" target=\"_blank\" rel=\"noopener\">FNAB<\/a>, et avec le soutien de\u00a0<a href=\"https:\/\/www.franceagrimer.fr\/\" target=\"_blank\" rel=\"noopener\">FranceAgriMer<\/a>, nous avons d\u00e9pos\u00e9 le r\u00e9f\u00e9rentiel \u00ab Paysan-herboriste \u00bb au R\u00e9pertoire national des certifications professionnelles, g\u00e9r\u00e9 par France Comp\u00e9tences. Le RNCP regroupe les certifications professionnelles \u00e0 valeur nationale.\u00a0<\/span><\/p>\n<p><span>Le titre de Paysan-herboriste, certification reconnue par l\u2019\u00c9tat, a \u00e9t\u00e9 valid\u00e9 en septembre 2023.\u00a0<\/span><\/p>\n<p><span>C\u2019est un pas important dans la reconnaissance de notre m\u00e9tier, et un outil pour former les futurs paysan.nes-herboristes.<\/span><\/p>\n<p><span>C\u2019est un titre du domaine agricole, couvrant l\u2019ensemble des activit\u00e9s, de la culture et la cueillette \u00e0 la commercialisation, en passant par la transformation des plantes m\u00e9dicinales.\u00a0<\/span><\/p>\n<p>[\/et_pb_text][et_pb_button button_url=\u00a0\u00bb@ET-DC@eyJkeW5hbWljIjp0cnVlLCJjb250ZW50IjoicG9zdF9saW5rX3VybF9wYWdlIiwic2V0dGluZ3MiOnsicG9zdF9pZCI6IjMzMCJ9fQ==@\u00a0\u00bb url_new_window=\u00a0\u00bbon\u00a0\u00bb button_text=\u00a0\u00bbToutes les infos sur la certification professionnelle\u00a0\u00bb button_alignment=\u00a0\u00bbcenter\u00a0\u00bb _builder_version=\u00a0\u00bb4.27.4&Prime; _dynamic_attributes=\u00a0\u00bbbutton_url\u00a0\u00bb _module_preset=\u00a0\u00bbcd8fd7da-5626-4ecb-984d-c514b4fa8ee9&Prime; button_bg_color=\u00a0\u00bb#95C11F\u00a0\u00bb button_border_color=\u00a0\u00bb#634E42&Prime; button_font=\u00a0\u00bbBarlow|700||on|||||\u00a0\u00bb button_icon=\u00a0\u00bb&#x41;||divi||400&Prime; custom_margin=\u00a0\u00bb14px||17px|||\u00a0\u00bb global_colors_info=\u00a0\u00bb{}\u00a0\u00bb][\/et_pb_button][\/et_pb_column][\/et_pb_row][et_pb_row column_structure=\u00a0\u00bb1_2,1_2&Prime; _builder_version=\u00a0\u00bb4.27.4&Prime; _module_preset=\u00a0\u00bbdefault\u00a0\u00bb global_colors_info=\u00a0\u00bb{}\u00a0\u00bb][et_pb_column type=\u00a0\u00bb1_2&Prime; _builder_version=\u00a0\u00bb4.27.4&Prime; _module_preset=\u00a0\u00bbdefault\u00a0\u00bb background_color=\u00a0\u00bbrgba(146,146,146,0.12)\u00a0\u00bb custom_padding=\u00a0\u00bb20px|20px|20px|20px|false|false\u00a0\u00bb border_radii=\u00a0\u00bbon|30px|30px|30px|30px\u00a0\u00bb global_colors_info=\u00a0\u00bb{}\u00a0\u00bb][et_pb_text _builder_version=\u00a0\u00bb4.27.4&Prime; _module_preset=\u00a0\u00bbdefault\u00a0\u00bb text_font=\u00a0\u00bbBarlow|700|||||||\u00a0\u00bb text_text_color=\u00a0\u00bb#0A7034&Prime; text_font_size=\u00a0\u00bb18px\u00a0\u00bb text_line_height=\u00a0\u00bb1.5em\u00a0\u00bb custom_margin=\u00a0\u00bb||1px|||\u00a0\u00bb animation_style=\u00a0\u00bbfade\u00a0\u00bb global_colors_info=\u00a0\u00bb{}\u00a0\u00bb]<\/p>\n<p class=\"header-post-title-class\" style=\"text-align: center;\">\u00c9largir la liste des \u00ab\u00a0148 plantes\u00a0\u00bb en vente libre<\/p>\n<p>[\/et_pb_text][et_pb_text content_tablet=\u00a0\u00bb<\/p>\n<p style=%22text-align: justify;%22>La F\u00e9d\u00e9ration des Paysan.nes-Herboristes a \u00e9t\u00e9 cr\u00e9\u00e9e en mars 2016. Son objet est de promouvoir la profession de paysan.ne-herboriste et de lui permettre d\u2019exercer pleinement son m\u00e9tier, \u00e0 savoir : la culture, la cueillette et la transformation des plantes alimentaires, aromatiques, m\u00e9dicinales, tinctoriales et \u00e0 parfum, la commercialisation en vente directe ou circuit-court des plantes et produits transform\u00e9s \u00e0 la ferme, l\u2019information et le conseil aux utilisateurs.trices sur les propri\u00e9t\u00e9s, usages traditionnels et pr\u00e9cautions d\u2019emploi, en connaissance des normes et r\u00e9glementations en vigueur.<\/p>\n<p>Nous r\u00e9alisons toutes les \u00e9tapes du m\u00e9tier de mani\u00e8re artisanale selon les principes de l\u2019agro-\u00e9cologie. Nous nous reconnaissons dans les mentions SIMPLES, Nature et Progr\u00e8s, Demeter ou AB.<\/p>\n<p>\u00a0\u00bb content_phone=\u00a0\u00bb<\/p>\n<p style=%22text-align: left;%22>La F\u00e9d\u00e9ration des Paysan.nes-Herboristes a \u00e9t\u00e9 cr\u00e9\u00e9e en mars 2016. Son objet est de promouvoir la profession de paysan.ne-herboriste et de lui permettre d\u2019exercer pleinement son m\u00e9tier, \u00e0 savoir : la culture, la cueillette et la transformation des plantes alimentaires, aromatiques, m\u00e9dicinales, tinctoriales et \u00e0 parfum, la commercialisation en vente directe ou circuit-court des plantes et produits transform\u00e9s \u00e0 la ferme, l\u2019information et le conseil aux utilisateurs.trices sur les propri\u00e9t\u00e9s, usages traditionnels et pr\u00e9cautions d\u2019emploi, en connaissance des normes et r\u00e9glementations en vigueur.<\/p>\n<p>Nous r\u00e9alisons toutes les \u00e9tapes du m\u00e9tier de mani\u00e8re artisanale selon les principes de l\u2019agro-\u00e9cologie. Nous nous reconnaissons dans les mentions SIMPLES, Nature et Progr\u00e8s, Demeter ou AB.<\/p>\n<p>\u00a0\u00bb content_last_edited=\u00a0\u00bbon|phone\u00a0\u00bb _builder_version=\u00a0\u00bb4.27.4&Prime; _module_preset=\u00a0\u00bbdefault\u00a0\u00bb text_font=\u00a0\u00bbBarlow||||||||\u00a0\u00bb text_font_size=\u00a0\u00bb16px\u00a0\u00bb min_height=\u00a0\u00bb177.4px\u00a0\u00bb custom_margin=\u00a0\u00bb22px||1px|||\u00a0\u00bb custom_padding=\u00a0\u00bb9px|||23px|false|false\u00a0\u00bb border_radii=\u00a0\u00bbon|30px|30px|30px|30px\u00a0\u00bb border_color_all=\u00a0\u00bb#FFFFFF\u00a0\u00bb global_colors_info=\u00a0\u00bb{}\u00a0\u00bb]<\/p>\n<p>La FPH a transmis \u00e0 l\u2019ANSM une proposition d\u2019une liste d\u2019une centaine de plantes, \u00e9labor\u00e9e avec un groupe pluridisciplinaire compos\u00e9 de producteurs, de m\u00e9decins, de pharmaciens, d\u2019herboristes, de repr\u00e9sentants d\u2019\u00e9coles d\u2019herboristerie.<\/p>\n<p><span>Ces plantes, d\u2019usage traditionnel et\/ou alimentaire, ont \u00e9t\u00e9 choisies \u00e0 la condition de combiner deux crit\u00e8res : la s\u00e9curit\u00e9 pour les consommateurs, et une ressource non menac\u00e9e. <\/span><\/p>\n<p><span>L\u2019ANSM devrait statuer sur le sujet dans l\u2019ann\u00e9e. A l\u2019issue du processus, le bleuet, le calendula, l\u2019aub\u00e9pine bouquet floral\u2026 pourraient bien enfin quitter le monopole !<\/span><\/p>\n<p>[\/et_pb_text][\/et_pb_column][et_pb_column type=\u00a0\u00bb1_2&Prime; _builder_version=\u00a0\u00bb4.27.4&Prime; _module_preset=\u00a0\u00bbdefault\u00a0\u00bb background_color=\u00a0\u00bbrgba(146,146,146,0.12)\u00a0\u00bb custom_padding=\u00a0\u00bb20px|20px|20px|20px|false|false\u00a0\u00bb border_radii=\u00a0\u00bbon|30px|30px|30px|30px\u00a0\u00bb global_colors_info=\u00a0\u00bb{}\u00a0\u00bb][et_pb_text _builder_version=\u00a0\u00bb4.27.4&Prime; _module_preset=\u00a0\u00bbdefault\u00a0\u00bb text_font=\u00a0\u00bbBarlow|700|||||||\u00a0\u00bb text_text_color=\u00a0\u00bb#0A7034&Prime; text_font_size=\u00a0\u00bb18px\u00a0\u00bb text_line_height=\u00a0\u00bb1.5em\u00a0\u00bb custom_margin=\u00a0\u00bb||1px|||\u00a0\u00bb animation_style=\u00a0\u00bbfade\u00a0\u00bb global_colors_info=\u00a0\u00bb{}\u00a0\u00bb]<\/p>\n<p class=\"header-post-title-class\" style=\"text-align: center;\">La base de donn\u00e9es BADASSE<\/p>\n<p>[\/et_pb_text][et_pb_button button_url=\u00a0\u00bb@ET-DC@eyJkeW5hbWljIjp0cnVlLCJjb250ZW50IjoicG9zdF9saW5rX3VybF9wYWdlIiwic2V0dGluZ3MiOnsicG9zdF9pZCI6IjM1MSJ9fQ==@\u00a0\u00bb url_new_window=\u00a0\u00bbon\u00a0\u00bb button_text=\u00a0\u00bbToutes les infos sur BADASSE\u00a0\u00bb button_alignment=\u00a0\u00bbcenter\u00a0\u00bb _builder_version=\u00a0\u00bb4.27.4&Prime; _dynamic_attributes=\u00a0\u00bbbutton_url\u00a0\u00bb _module_preset=\u00a0\u00bbcd8fd7da-5626-4ecb-984d-c514b4fa8ee9&Prime; button_bg_color=\u00a0\u00bb#95C11F\u00a0\u00bb button_border_color=\u00a0\u00bb#634E42&Prime; button_font=\u00a0\u00bbBarlow|700||on|||||\u00a0\u00bb button_icon=\u00a0\u00bb&#x41;||divi||400&Prime; custom_margin=\u00a0\u00bb14px||17px|||\u00a0\u00bb global_colors_info=\u00a0\u00bb{}\u00a0\u00bb][\/et_pb_button][\/et_pb_column][\/et_pb_row][et_pb_row column_structure=\u00a0\u00bb1_2,1_2&Prime; _builder_version=\u00a0\u00bb4.27.4&Prime; _module_preset=\u00a0\u00bbdefault\u00a0\u00bb global_colors_info=\u00a0\u00bb{}\u00a0\u00bb][et_pb_column type=\u00a0\u00bb1_2&Prime; _builder_version=\u00a0\u00bb4.27.4&Prime; _module_preset=\u00a0\u00bbdefault\u00a0\u00bb background_color=\u00a0\u00bbrgba(146,146,146,0.12)\u00a0\u00bb custom_padding=\u00a0\u00bb20px|20px|20px|20px|false|false\u00a0\u00bb border_radii=\u00a0\u00bbon|30px|30px|30px|30px\u00a0\u00bb global_colors_info=\u00a0\u00bb{}\u00a0\u00bb][et_pb_text _builder_version=\u00a0\u00bb4.27.4&Prime; _module_preset=\u00a0\u00bbdefault\u00a0\u00bb text_font=\u00a0\u00bbBarlow|700|||||||\u00a0\u00bb text_text_color=\u00a0\u00bb#0A7034&Prime; text_font_size=\u00a0\u00bb18px\u00a0\u00bb text_line_height=\u00a0\u00bb1.5em\u00a0\u00bb custom_margin=\u00a0\u00bb||1px|||\u00a0\u00bb animation_style=\u00a0\u00bbfade\u00a0\u00bb global_colors_info=\u00a0\u00bb{}\u00a0\u00bb]<\/p>\n<p class=\"header-post-title-class\" style=\"text-align: center;\">Plantes sauvages menac\u00e9es : informer le public, les formateurs.trices, et les professionnel.le.s qui conseillent les plantes sur les risques concernant la ressource<\/p>\n<p>[\/et_pb_text][et_pb_text content_tablet=\u00a0\u00bb<\/p>\n<p style=%22text-align: justify;%22>La F\u00e9d\u00e9ration des Paysan.nes-Herboristes a \u00e9t\u00e9 cr\u00e9\u00e9e en mars 2016. Son objet est de promouvoir la profession de paysan.ne-herboriste et de lui permettre d\u2019exercer pleinement son m\u00e9tier, \u00e0 savoir : la culture, la cueillette et la transformation des plantes alimentaires, aromatiques, m\u00e9dicinales, tinctoriales et \u00e0 parfum, la commercialisation en vente directe ou circuit-court des plantes et produits transform\u00e9s \u00e0 la ferme, l\u2019information et le conseil aux utilisateurs.trices sur les propri\u00e9t\u00e9s, usages traditionnels et pr\u00e9cautions d\u2019emploi, en connaissance des normes et r\u00e9glementations en vigueur.<\/p>\n<p>Nous r\u00e9alisons toutes les \u00e9tapes du m\u00e9tier de mani\u00e8re artisanale selon les principes de l\u2019agro-\u00e9cologie. Nous nous reconnaissons dans les mentions SIMPLES, Nature et Progr\u00e8s, Demeter ou AB.<\/p>\n<p>\u00a0\u00bb content_phone=\u00a0\u00bb<\/p>\n<p style=%22text-align: left;%22>La F\u00e9d\u00e9ration des Paysan.nes-Herboristes a \u00e9t\u00e9 cr\u00e9\u00e9e en mars 2016. Son objet est de promouvoir la profession de paysan.ne-herboriste et de lui permettre d\u2019exercer pleinement son m\u00e9tier, \u00e0 savoir : la culture, la cueillette et la transformation des plantes alimentaires, aromatiques, m\u00e9dicinales, tinctoriales et \u00e0 parfum, la commercialisation en vente directe ou circuit-court des plantes et produits transform\u00e9s \u00e0 la ferme, l\u2019information et le conseil aux utilisateurs.trices sur les propri\u00e9t\u00e9s, usages traditionnels et pr\u00e9cautions d\u2019emploi, en connaissance des normes et r\u00e9glementations en vigueur.<\/p>\n<p>Nous r\u00e9alisons toutes les \u00e9tapes du m\u00e9tier de mani\u00e8re artisanale selon les principes de l\u2019agro-\u00e9cologie. Nous nous reconnaissons dans les mentions SIMPLES, Nature et Progr\u00e8s, Demeter ou AB.<\/p>\n<p>\u00a0\u00bb content_last_edited=\u00a0\u00bbon|phone\u00a0\u00bb _builder_version=\u00a0\u00bb4.27.4&Prime; _module_preset=\u00a0\u00bbdefault\u00a0\u00bb text_font=\u00a0\u00bbBarlow||||||||\u00a0\u00bb text_font_size=\u00a0\u00bb16px\u00a0\u00bb min_height=\u00a0\u00bb177.4px\u00a0\u00bb custom_margin=\u00a0\u00bb22px||1px|||\u00a0\u00bb custom_padding=\u00a0\u00bb9px|||23px|false|false\u00a0\u00bb border_radii=\u00a0\u00bbon|30px|30px|30px|30px\u00a0\u00bb border_color_all=\u00a0\u00bb#FFFFFF\u00a0\u00bb global_colors_info=\u00a0\u00bb{}\u00a0\u00bb]<\/p>\n<p><span>De nombreux consommateurs consommatrices n\u2019ont pas conscience des risques pour la ressource li\u00e9s \u00e0 la surexploitation de plantes comme l\u2019arnica, l\u2019harpagophytum, ou le bois de rose, plantes aujourd\u2019hui sur-cueillies dans certaines r\u00e9gions, ou encore des menaces qui p\u00e8sent sur certaines plantes du fait de la r\u00e9gression de certains milieux naturels o\u00f9 elles poussent. <\/span><\/p>\n<p><span>De m\u00eame, les personnes qui conseillent ces plantes en boutique, en herboristerie, en pharmacie, ou les m\u00e9decins sont rarement au courant de ces enjeux. <\/span><\/p>\n<p><span>La FPH a organis\u00e9 au moment de son AG 2022 un \u00e9change sur le sujet pour amorcer des projets visant \u00e0 rassembler ces informations et les rendre disponibles aux consommateurs.trices et aux professionnelle.s, en s\u2019appuyant notamment sur <\/span><a href=\"https:\/\/www.terrevivante.org\/boutique\/livres\/livres-soins-naturels\/medecines-douces\/manuel-de-phytotherapie-ecoresponsable\/\">le travail de la m\u00e9decin et anthropologue Aline Mercan<\/a><span>. Plusieurs membres du CA ont \u00e9galement particip\u00e9 \u00e0 une table ronde sur ce sujet au colloque Biovall\u00e9e en mars 2022.<\/span><\/p>\n<p><span><\/span><\/p>\n<p>[\/et_pb_text][\/et_pb_column][et_pb_column type=\u00a0\u00bb1_2&Prime; _builder_version=\u00a0\u00bb4.27.4&Prime; _module_preset=\u00a0\u00bbdefault\u00a0\u00bb background_color=\u00a0\u00bbrgba(146,146,146,0.12)\u00a0\u00bb custom_padding=\u00a0\u00bb20px|20px|20px|20px|false|false\u00a0\u00bb border_radii=\u00a0\u00bbon|30px|30px|30px|30px\u00a0\u00bb global_colors_info=\u00a0\u00bb{}\u00a0\u00bb][\/et_pb_column][\/et_pb_row][\/et_pb_section]<\/p>\n","protected":false},"excerpt":{"rendered":"<p>NOS ACTIONSLa charte pour d\u00e9finir les valeurs et le m\u00e9tier de paysan.ne-herboristeL\u2019AG a permis de valider la Charte des Paysan.ne.s-herboristes, un texte qui d\u00e9finit le m\u00e9tier et les valeurs d\u00e9fendues par ces paysan.ne.s et qu\u2019ils et elles s\u2019engagent \u00e0 respecter pour leur pratique. Apr\u00e8s un long travail collectif pour r\u00e9colter un maximum de contributions aupr\u00e8s [&hellip;]<\/p>\n","protected":false},"author":1,"featured_media":0,"parent":0,"menu_order":0,"comment_status":"closed","ping_status":"closed","template":"","meta":{"_et_pb_use_builder":"on","_et_pb_old_content":"","_et_gb_content_width":"","footnotes":""},"class_list":["post-188","page","type-page","status-publish","hentry"],"_links":{"self":[{"href":"https:\/\/paysans-herboristes.org\/wp-json\/wp\/v2\/pages\/188","targetHints":{"allow":["GET"]}}],"collection":[{"href":"https:\/\/paysans-herboristes.org\/wp-json\/wp\/v2\/pages"}],"about":[{"href":"https:\/\/paysans-herboristes.org\/wp-json\/wp\/v2\/types\/page"}],"author":[{"embeddable":true,"href":"https:\/\/paysans-herboristes.org\/wp-json\/wp\/v2\/users\/1"}],"replies":[{"embeddable":true,"href":"https:\/\/paysans-herboristes.org\/wp-json\/wp\/v2\/comments?post=188"}],"version-history":[{"count":12,"href":"https:\/\/paysans-herboristes.org\/wp-json\/wp\/v2\/pages\/188\/revisions"}],"predecessor-version":[{"id":601,"href":"https:\/\/paysans-herboristes.org\/wp-json\/wp\/v2\/pages\/188\/revisions\/601"}],"wp:attachment":[{"href":"https:\/\/paysans-herboristes.org\/wp-json\/wp\/v2\/media?parent=188"}],"curies":[{"name":"wp","href":"https:\/\/api.w.org\/{rel}","templated":true}]}}