{"id":351,"date":"2025-08-15T21:05:30","date_gmt":"2025-08-15T21:05:30","guid":{"rendered":"https:\/\/www.fph-test.com\/?page_id=351"},"modified":"2025-09-22T20:11:56","modified_gmt":"2025-09-22T20:11:56","slug":"badasse","status":"publish","type":"page","link":"https:\/\/paysans-herboristes.org\/badasse\/","title":{"rendered":"BADASSE"},"content":{"rendered":"<p>[et_pb_section fb_built=\u00a0\u00bb1&Prime; _builder_version=\u00a0\u00bb4.27.4&Prime; _module_preset=\u00a0\u00bbdefault\u00a0\u00bb custom_padding=\u00a0\u00bb9px||98px|||\u00a0\u00bb global_colors_info=\u00a0\u00bb{}\u00a0\u00bb][et_pb_row column_structure=\u00a0\u00bb2_3,1_3&Prime; _builder_version=\u00a0\u00bb4.27.4&Prime; _module_preset=\u00a0\u00bbdefault\u00a0\u00bb custom_padding=\u00a0\u00bb12px|||||\u00a0\u00bb global_colors_info=\u00a0\u00bb{}\u00a0\u00bb][et_pb_column type=\u00a0\u00bb2_3&Prime; _builder_version=\u00a0\u00bb4.27.4&Prime; _module_preset=\u00a0\u00bbdefault\u00a0\u00bb global_colors_info=\u00a0\u00bb{}\u00a0\u00bb][et_pb_text _builder_version=\u00a0\u00bb4.27.4&Prime; _module_preset=\u00a0\u00bbdefault\u00a0\u00bb text_font=\u00a0\u00bbBarlow|700|||||||\u00a0\u00bb text_font_size=\u00a0\u00bb30px\u00a0\u00bb animation_style=\u00a0\u00bbfade\u00a0\u00bb global_colors_info=\u00a0\u00bb{}\u00a0\u00bb]<\/p>\n<p style=\"text-align: center;\">Le projet BADASSE<\/p>\n<p>[\/et_pb_text][et_pb_text _builder_version=\u00a0\u00bb4.27.4&Prime; _module_preset=\u00a0\u00bbdefault\u00a0\u00bb text_font=\u00a0\u00bbBarlow|700|||||||\u00a0\u00bb text_font_size=\u00a0\u00bb18px\u00a0\u00bb animation_style=\u00a0\u00bbfade\u00a0\u00bb global_colors_info=\u00a0\u00bb{}\u00a0\u00bb]<\/p>\n<p>La base de donn\u00e9es BADASSE propose de ma\u00eetriser la r\u00e9glementation applicable, pour informer les client.es sur les propri\u00e9t\u00e9s des plantes.<\/p>\n<p>[\/et_pb_text][et_pb_text _builder_version=\u00a0\u00bb4.27.4&Prime; _module_preset=\u00a0\u00bbdefault\u00a0\u00bb text_font=\u00a0\u00bbBarlow||||||||\u00a0\u00bb text_font_size=\u00a0\u00bb16px\u00a0\u00bb custom_margin=\u00a0\u00bb||-3px|||\u00a0\u00bb global_colors_info=\u00a0\u00bb{}\u00a0\u00bb]<\/p>\n<p style=\"text-align: left;\">La r\u00e9glementation permet d\u2019informer sur les propri\u00e9t\u00e9s traditionnelles des plantes, mais seulement dans un cadre pr\u00e9cis, et parfois difficile \u00e0 comprendre au premier abord. La base de donn\u00e9es BADASSE, cr\u00e9\u00e9e par la FPH, vise \u00e0 rendre accessible cette r\u00e9glementation et \u00e0 permettre aux paysan.nes-herboristes qui le souhaitent de s\u2019en saisir.<\/p>\n<p style=\"text-align: left;\">D\u2019apr\u00e8s les enqu\u00eates que nous avons men\u00e9es \u00e0 la FPH, de nombreu.ses paysan.nes-herboristes ne connaissent pas la r\u00e9glementation permettant d\u2019informer sur les propri\u00e9t\u00e9s des plantes ou pensent que \u00e7a leur est interdit.<\/p>\n<p style=\"text-align: left;\">On entend ainsi souvent dire qu\u2019il n\u2019est pas autoris\u00e9 de dire que la m\u00e9lisse est digestive, ou que la passiflore aide \u00e0 dormir : ce n\u2019est pas vrai m\u00eame si la r\u00e9glementation sur le sujet est loin d\u2019\u00eatre id\u00e9ale et reste complexe (la FPH m\u00e8ne d\u2019ailleurs un travail pour la faire \u00e9voluer).<\/p>\n<p>[\/et_pb_text][\/et_pb_column][et_pb_column type=\u00a0\u00bb1_3&Prime; _builder_version=\u00a0\u00bb4.27.4&Prime; _module_preset=\u00a0\u00bbdefault\u00a0\u00bb background_color=\u00a0\u00bbrgba(149,193,31,0.29)\u00a0\u00bb custom_padding=\u00a0\u00bb20px|20px|20px|20px|false|false\u00a0\u00bb border_radii=\u00a0\u00bbon|32px|32px|32px|32px\u00a0\u00bb global_colors_info=\u00a0\u00bb{}\u00a0\u00bb][et_pb_text _builder_version=\u00a0\u00bb4.27.4&Prime; _module_preset=\u00a0\u00bbdefault\u00a0\u00bb text_font=\u00a0\u00bbBarlow|700|||||||\u00a0\u00bb text_font_size=\u00a0\u00bb18px\u00a0\u00bb custom_margin=\u00a0\u00bb13px||19px|||\u00a0\u00bb custom_padding=\u00a0\u00bb26px||0px|0px||\u00a0\u00bb animation_style=\u00a0\u00bbfade\u00a0\u00bb global_colors_info=\u00a0\u00bb{}\u00a0\u00bb]<\/p>\n<p style=\"text-align: center;\">Cette base de donn\u00e9es<br \/>a \u00e9t\u00e9 r\u00e9alis\u00e9e<br \/>avec le soutien financier de :<\/p>\n<p>[\/et_pb_text][et_pb_image src=\u00a0\u00bbhttps:\/\/paysans-herboristes.org\/wp-content\/uploads\/2025\/08\/cropped-cropped-cropped-LOGO_SIMPLES_2016_FOND-BLANC.png\u00a0\u00bb title_text=\u00a0\u00bbcropped-cropped-cropped-LOGO_SIMPLES_2016_FOND-BLANC\u00a0\u00bb _builder_version=\u00a0\u00bb4.27.4&Prime; _module_preset=\u00a0\u00bbdefault\u00a0\u00bb width=\u00a0\u00bb32%\u00a0\u00bb max_width=\u00a0\u00bb34%\u00a0\u00bb module_alignment=\u00a0\u00bbcenter\u00a0\u00bb custom_margin=\u00a0\u00bb||27px|||\u00a0\u00bb hover_enabled=\u00a0\u00bb0&Prime; global_colors_info=\u00a0\u00bb{}\u00a0\u00bb url=\u00a0\u00bbhttps:\/\/www.syndicat-simples.org\/\u00a0\u00bb sticky_enabled=\u00a0\u00bb0&Prime;][\/et_pb_image][et_pb_image src=\u00a0\u00bbhttps:\/\/paysans-herboristes.org\/wp-content\/uploads\/2025\/08\/FranceAgrimer_logo-scaled.png\u00a0\u00bb title_text=\u00a0\u00bbFranceAgrimer_logo\u00a0\u00bb _builder_version=\u00a0\u00bb4.27.4&Prime; _module_preset=\u00a0\u00bbdefault\u00a0\u00bb width=\u00a0\u00bb56%\u00a0\u00bb max_width=\u00a0\u00bb56%\u00a0\u00bb module_alignment=\u00a0\u00bbcenter\u00a0\u00bb custom_margin=\u00a0\u00bb||26px|||\u00a0\u00bb hover_enabled=\u00a0\u00bb0&Prime; global_colors_info=\u00a0\u00bb{}\u00a0\u00bb url=\u00a0\u00bbhttps:\/\/www.franceagrimer.fr\/\u00a0\u00bb sticky_enabled=\u00a0\u00bb0&Prime;][\/et_pb_image][\/et_pb_column][\/et_pb_row][et_pb_row _builder_version=\u00a0\u00bb4.27.4&Prime; _module_preset=\u00a0\u00bbdefault\u00a0\u00bb custom_padding=\u00a0\u00bb3px|||||\u00a0\u00bb global_colors_info=\u00a0\u00bb{}\u00a0\u00bb][et_pb_column type=\u00a0\u00bb4_4&Prime; _builder_version=\u00a0\u00bb4.27.4&Prime; _module_preset=\u00a0\u00bbdefault\u00a0\u00bb global_colors_info=\u00a0\u00bb{}\u00a0\u00bb][et_pb_text _builder_version=\u00a0\u00bb4.27.4&Prime; _module_preset=\u00a0\u00bbdefault\u00a0\u00bb text_font=\u00a0\u00bbBarlow||||||||\u00a0\u00bb text_font_size=\u00a0\u00bb16px\u00a0\u00bb custom_margin=\u00a0\u00bb||-3px|||\u00a0\u00bb custom_padding=\u00a0\u00bb||16px|||\u00a0\u00bb global_colors_info=\u00a0\u00bb{}\u00a0\u00bb]<\/p>\n<p style=\"text-align: left;\"><strong>Il existe une liste d\u2019all\u00e9gations (c\u2019est-\u00e0-dire des formules informant sur les usages des plantes) utilisable sous r\u00e9serve d\u2019\u00eatre justifi\u00e9e par des r\u00e9f\u00e9rences bibliographiques, et de respecter des r\u00e8gles d\u2019\u00e9tiquetage sp\u00e9cifiques.<\/strong><\/p>\n<p>[\/et_pb_text][et_pb_text _builder_version=\u00a0\u00bb4.27.4&Prime; _module_preset=\u00a0\u00bbdefault\u00a0\u00bb text_font=\u00a0\u00bbBarlow||||||||\u00a0\u00bb text_font_size=\u00a0\u00bb16px\u00a0\u00bb custom_margin=\u00a0\u00bb||-3px|||\u00a0\u00bb global_colors_info=\u00a0\u00bb{}\u00a0\u00bb]<\/p>\n<p style=\"text-align: left;\">La FPH a d\u00e9velopp\u00e9 la base de donn\u00e9es BADASSE, pour aider les paysan.nes-herboristes \u00e0 comprendre cette r\u00e9glementation et \u00e0 se l\u2019approprier s\u2019ils souhaitent l\u2019utiliser pour communiquer sur leurs plantes et ou produits \u00e0 base de plantes sous statut alimentaire. Elle recense les all\u00e9gations utilisables et les sources permettant de les justifi er aupr\u00e8s des autorit\u00e9s.<\/p>\n<p style=\"text-align: left;\">Elle concerne pour l\u2019instant 80 plantes s\u00e8ches et sera bient\u00f4t compl\u00e9t\u00e9e par de nouvelles plantes et de nouvelles formes (alcoolatures, huiles essentielles notamment).<\/p>\n<p>[\/et_pb_text][et_pb_text _builder_version=\u00a0\u00bb4.27.4&Prime; _module_preset=\u00a0\u00bbdefault\u00a0\u00bb text_font=\u00a0\u00bbBarlow||||||||\u00a0\u00bb text_font_size=\u00a0\u00bb16px\u00a0\u00bb background_color=\u00a0\u00bbRGBA(255,255,255,0)\u00a0\u00bb min_height=\u00a0\u00bb23.8px\u00a0\u00bb custom_margin=\u00a0\u00bb1px||16px|||\u00a0\u00bb custom_padding=\u00a0\u00bb8px|0px|0px|0px|false|false\u00a0\u00bb global_colors_info=\u00a0\u00bb{}\u00a0\u00bb]<\/p>\n<p><strong>Cette base de donn\u00e9es permet \u00e9galement de trouver des informations sur les plantes (statut r\u00e9glementaire vis-\u00e0 -vis du monopole pharmaceutique&#8230;). <\/strong><strong><\/strong><\/p>\n<p>[\/et_pb_text][et_pb_text _builder_version=\u00a0\u00bb4.27.4&Prime; _module_preset=\u00a0\u00bbdefault\u00a0\u00bb text_font=\u00a0\u00bbBarlow||||||||\u00a0\u00bb text_font_size=\u00a0\u00bb16px\u00a0\u00bb global_colors_info=\u00a0\u00bb{}\u00a0\u00bb]<\/p>\n<p style=\"text-align: left;\">Cette base de donn\u00e9es est destin\u00e9e aux paysan.nes-herboristes et est accessible aux adh\u00e9rents de la FPH \u00abmembres actifs\u00bb (statut r\u00e9serv\u00e9 aux paysan.nes-herboristes et porteurs de projet) qui s\u2019engagent \u00e0 respecter la charte PH, et aux structures ayant sign\u00e9 avec elle une convention de partenariat (dont le Syndicat Simples).<\/p>\n<p>[\/et_pb_text][et_pb_button button_url=\u00a0\u00bbhttps:\/\/badasse.org\/\u00a0\u00bb url_new_window=\u00a0\u00bbon\u00a0\u00bb button_text=\u00a0\u00bbToutes les infos sur le site BADASSE\u00a0\u00bb button_alignment=\u00a0\u00bbcenter\u00a0\u00bb _builder_version=\u00a0\u00bb4.27.4&Prime; _module_preset=\u00a0\u00bbcd8fd7da-5626-4ecb-984d-c514b4fa8ee9&Prime; button_bg_color=\u00a0\u00bb#95C11F\u00a0\u00bb button_border_color=\u00a0\u00bb#634E42&Prime; button_font=\u00a0\u00bbBarlow|700||on|||||\u00a0\u00bb button_icon=\u00a0\u00bb&#x41;||divi||400&Prime; hover_enabled=\u00a0\u00bb0&Prime; global_colors_info=\u00a0\u00bb{}\u00a0\u00bb sticky_enabled=\u00a0\u00bb0&Prime;][\/et_pb_button][\/et_pb_column][\/et_pb_row][et_pb_row _builder_version=\u00a0\u00bb4.27.4&Prime; _module_preset=\u00a0\u00bbdefault\u00a0\u00bb background_color=\u00a0\u00bbrgba(149,193,31,0.29)\u00a0\u00bb custom_margin=\u00a0\u00bb26px|auto||auto||\u00a0\u00bb custom_padding=\u00a0\u00bb20px|2px|20px|20px|false|false\u00a0\u00bb border_radii=\u00a0\u00bbon|30px|30px|30px|30px\u00a0\u00bb global_colors_info=\u00a0\u00bb{}\u00a0\u00bb][et_pb_column type=\u00a0\u00bb4_4&Prime; _builder_version=\u00a0\u00bb4.27.4&Prime; _module_preset=\u00a0\u00bbdefault\u00a0\u00bb global_colors_info=\u00a0\u00bb{}\u00a0\u00bb][et_pb_text _builder_version=\u00a0\u00bb4.27.4&Prime; _module_preset=\u00a0\u00bbdefault\u00a0\u00bb text_font=\u00a0\u00bbBarlow||||||||\u00a0\u00bb text_font_size=\u00a0\u00bb16px\u00a0\u00bb background_enable_color=\u00a0\u00bboff\u00a0\u00bb custom_margin=\u00a0\u00bb||7px|||\u00a0\u00bb custom_padding=\u00a0\u00bb20px|20px|20px|20px|false|false\u00a0\u00bb border_radii=\u00a0\u00bbon|30px|30px|30px|30px\u00a0\u00bb global_colors_info=\u00a0\u00bb{}\u00a0\u00bb]<\/p>\n<p>Pour utiliser cet outil, nous vous conseillons de suivre une formation propos\u00e9e en partenariat avec le syndicat SIMPLES. Vous pouvez aussi suivre le mode d&#8217;emploi sur le site <a href=\"https:\/\/badasse.org\/mode-demploi\/\" target=\"_blank\" rel=\"noopener\">www.badasse.com<\/a>.<\/p>\n<p><strong>6 sessions pr\u00e9vues pour l\u2019ann\u00e9e 25-26 :<\/strong><\/p>\n<ul>\n<li><strong>23 et 30 Septembre 2025<\/strong><\/li>\n<li><strong>9 et 16 Octobre 2025<\/strong><\/li>\n<li><strong>21 et 28 Novembre 2025<\/strong><\/li>\n<li><strong>24 et 31 Janvier 2026<\/strong><\/li>\n<li><strong>2 et 9 F\u00e9vrier 2026<\/strong><\/li>\n<li><strong>17 et 24 Mars 2026<\/strong><\/li>\n<\/ul>\n<p>[\/et_pb_text][et_pb_button button_url=\u00a0\u00bbhttps:\/\/www.syndicat-simples.org\/formations-professionnelles-simples\/\u00a0\u00bb url_new_window=\u00a0\u00bbon\u00a0\u00bb button_text=\u00a0\u00bbS&rsquo;inscrire aux formations\u00a0\u00bb _builder_version=\u00a0\u00bb4.27.4&Prime; _module_preset=\u00a0\u00bbcd8fd7da-5626-4ecb-984d-c514b4fa8ee9&Prime; button_bg_color=\u00a0\u00bb#95C11F\u00a0\u00bb button_border_color=\u00a0\u00bb#634E42&Prime; button_font=\u00a0\u00bbBarlow|700||on|||||\u00a0\u00bb button_icon=\u00a0\u00bb&#x41;||divi||400&Prime; global_colors_info=\u00a0\u00bb{}\u00a0\u00bb][\/et_pb_button][\/et_pb_column][\/et_pb_row][\/et_pb_section]<\/p>\n","protected":false},"excerpt":{"rendered":"<p>Le projet BADASSELa base de donn\u00e9es BADASSE propose de ma\u00eetriser la r\u00e9glementation applicable, pour informer les client.es sur les propri\u00e9t\u00e9s des plantes.La r\u00e9glementation permet d\u2019informer sur les propri\u00e9t\u00e9s traditionnelles des plantes, mais seulement dans un cadre pr\u00e9cis, et parfois difficile \u00e0 comprendre au premier abord. La base de donn\u00e9es BADASSE, cr\u00e9\u00e9e par la FPH, vise [&hellip;]<\/p>\n","protected":false},"author":1,"featured_media":0,"parent":0,"menu_order":0,"comment_status":"closed","ping_status":"closed","template":"","meta":{"_et_pb_use_builder":"on","_et_pb_old_content":"","_et_gb_content_width":"","footnotes":""},"class_list":["post-351","page","type-page","status-publish","hentry"],"_links":{"self":[{"href":"https:\/\/paysans-herboristes.org\/wp-json\/wp\/v2\/pages\/351","targetHints":{"allow":["GET"]}}],"collection":[{"href":"https:\/\/paysans-herboristes.org\/wp-json\/wp\/v2\/pages"}],"about":[{"href":"https:\/\/paysans-herboristes.org\/wp-json\/wp\/v2\/types\/page"}],"author":[{"embeddable":true,"href":"https:\/\/paysans-herboristes.org\/wp-json\/wp\/v2\/users\/1"}],"replies":[{"embeddable":true,"href":"https:\/\/paysans-herboristes.org\/wp-json\/wp\/v2\/comments?post=351"}],"version-history":[{"count":13,"href":"https:\/\/paysans-herboristes.org\/wp-json\/wp\/v2\/pages\/351\/revisions"}],"predecessor-version":[{"id":605,"href":"https:\/\/paysans-herboristes.org\/wp-json\/wp\/v2\/pages\/351\/revisions\/605"}],"wp:attachment":[{"href":"https:\/\/paysans-herboristes.org\/wp-json\/wp\/v2\/media?parent=351"}],"curies":[{"name":"wp","href":"https:\/\/api.w.org\/{rel}","templated":true}]}}